{"id":22,"date":"2023-02-01T07:54:29","date_gmt":"2023-02-01T06:54:29","guid":{"rendered":"http:\/\/localhost\/salon\/?page_id=22"},"modified":"2024-05-21T12:31:37","modified_gmt":"2024-05-21T10:31:37","slug":"a-propos","status":"publish","type":"page","link":"\/?page_id=22","title":{"rendered":"\u00e0 propos"},"content":{"rendered":"\t\t<div data-elementor-type=\"wp-page\" data-elementor-id=\"22\" class=\"elementor elementor-22\" data-elementor-post-type=\"page\">\n\t\t\t\t\t\t<section class=\"elementor-section elementor-top-section elementor-element elementor-element-e250789 elementor-section-full_width elementor-section-height-default elementor-section-height-default wpr-particle-no wpr-jarallax-no wpr-parallax-no wpr-sticky-section-no\" data-id=\"e250789\" data-element_type=\"section\" data-settings=\"{&quot;background_background&quot;:&quot;classic&quot;}\">\n\t\t\t\t\t\t<div class=\"elementor-container elementor-column-gap-default\">\n\t\t\t\t\t<div class=\"elementor-column elementor-col-33 elementor-top-column elementor-element elementor-element-d76f2e5\" data-id=\"d76f2e5\" data-element_type=\"column\">\n\t\t\t<div class=\"elementor-widget-wrap elementor-element-populated\">\n\t\t\t\t\t\t<div class=\"elementor-element elementor-element-e03148d elementor-widget elementor-widget-image\" data-id=\"e03148d\" data-element_type=\"widget\" data-widget_type=\"image.default\">\n\t\t\t\t<div class=\"elementor-widget-container\">\n\t\t\t<style>\/*! elementor - v3.21.0 - 30-04-2024 *\/\n.elementor-widget-image{text-align:center}.elementor-widget-image a{display:inline-block}.elementor-widget-image a img[src$=\".svg\"]{width:48px}.elementor-widget-image img{vertical-align:middle;display:inline-block}<\/style>\t\t\t\t\t\t\t\t\t\t<img fetchpriority=\"high\" decoding=\"async\" width=\"810\" height=\"795\" src=\"\/wp-content\/uploads\/2023\/03\/Ghislain-momo.png\" class=\"attachment-full size-full wp-image-712\" alt=\"\" srcset=\"\/wp-content\/uploads\/2023\/03\/Ghislain-momo.png 810w, \/wp-content\/uploads\/2023\/03\/Ghislain-momo-300x294.png 300w, \/wp-content\/uploads\/2023\/03\/Ghislain-momo-768x754.png 768w\" sizes=\"(max-width: 810px) 100vw, 810px\" \/>\t\t\t\t\t\t\t\t\t\t\t\t\t<\/div>\n\t\t\t\t<\/div>\n\t\t\t\t\t<\/div>\n\t\t<\/div>\n\t\t\t\t<div class=\"elementor-column elementor-col-66 elementor-top-column elementor-element elementor-element-bb61924\" data-id=\"bb61924\" data-element_type=\"column\">\n\t\t\t<div class=\"elementor-widget-wrap elementor-element-populated\">\n\t\t\t\t\t\t<section class=\"elementor-section elementor-inner-section elementor-element elementor-element-725afc0 elementor-section-full_width elementor-section-content-middle elementor-section-height-default elementor-section-height-default wpr-particle-no wpr-jarallax-no wpr-parallax-no wpr-sticky-section-no\" data-id=\"725afc0\" data-element_type=\"section\">\n\t\t\t\t\t\t\t<div class=\"elementor-background-overlay\"><\/div>\n\t\t\t\t\t\t\t<div class=\"elementor-container elementor-column-gap-default\">\n\t\t\t\t\t<div class=\"elementor-column elementor-col-50 elementor-inner-column elementor-element elementor-element-ba7f36b\" data-id=\"ba7f36b\" data-element_type=\"column\">\n\t\t\t<div class=\"elementor-widget-wrap elementor-element-populated\">\n\t\t\t\t\t\t<div class=\"elementor-element elementor-element-8f4d4b7 elementor-widget elementor-widget-image\" data-id=\"8f4d4b7\" data-element_type=\"widget\" data-widget_type=\"image.default\">\n\t\t\t\t<div class=\"elementor-widget-container\">\n\t\t\t\t\t\t\t\t\t\t\t\t\t<img decoding=\"async\" width=\"197\" height=\"322\" src=\"\/wp-content\/uploads\/2023\/03\/icon_fondateur.png\" class=\"attachment-full size-full wp-image-727\" alt=\"\" srcset=\"\/wp-content\/uploads\/2023\/03\/icon_fondateur.png 197w, \/wp-content\/uploads\/2023\/03\/icon_fondateur-184x300.png 184w\" sizes=\"(max-width: 197px) 100vw, 197px\" \/>\t\t\t\t\t\t\t\t\t\t\t\t\t<\/div>\n\t\t\t\t<\/div>\n\t\t\t\t<div class=\"elementor-element elementor-element-831e194 elementor-widget elementor-widget-heading\" data-id=\"831e194\" data-element_type=\"widget\" data-widget_type=\"heading.default\">\n\t\t\t\t<div class=\"elementor-widget-container\">\n\t\t\t<style>\/*! elementor - v3.21.0 - 30-04-2024 *\/\n.elementor-heading-title{padding:0;margin:0;line-height:1}.elementor-widget-heading .elementor-heading-title[class*=elementor-size-]>a{color:inherit;font-size:inherit;line-height:inherit}.elementor-widget-heading .elementor-heading-title.elementor-size-small{font-size:15px}.elementor-widget-heading .elementor-heading-title.elementor-size-medium{font-size:19px}.elementor-widget-heading .elementor-heading-title.elementor-size-large{font-size:29px}.elementor-widget-heading .elementor-heading-title.elementor-size-xl{font-size:39px}.elementor-widget-heading .elementor-heading-title.elementor-size-xxl{font-size:59px}<\/style><h1 class=\"elementor-heading-title elementor-size-default\">FONDATEUR<\/h1>\t\t<\/div>\n\t\t\t\t<\/div>\n\t\t\t\t<div class=\"elementor-element elementor-element-0d2a8d1 elementor-widget elementor-widget-text-editor\" data-id=\"0d2a8d1\" data-element_type=\"widget\" data-widget_type=\"text-editor.default\">\n\t\t\t\t<div class=\"elementor-widget-container\">\n\t\t\t<style>\/*! elementor - v3.21.0 - 30-04-2024 *\/\n.elementor-widget-text-editor.elementor-drop-cap-view-stacked .elementor-drop-cap{background-color:#69727d;color:#fff}.elementor-widget-text-editor.elementor-drop-cap-view-framed .elementor-drop-cap{color:#69727d;border:3px solid;background-color:transparent}.elementor-widget-text-editor:not(.elementor-drop-cap-view-default) .elementor-drop-cap{margin-top:8px}.elementor-widget-text-editor:not(.elementor-drop-cap-view-default) .elementor-drop-cap-letter{width:1em;height:1em}.elementor-widget-text-editor .elementor-drop-cap{float:left;text-align:center;line-height:1;font-size:50px}.elementor-widget-text-editor .elementor-drop-cap-letter{display:inline-block}<\/style>\t\t\t\t<p><span id=\"p12\">Ghislain\u00a0<span id=\"17\">Momo<\/span>\u00a0est le pr\u00e9sident-fondateur de Natty Concept.<\/span><span id=\"p13\"> Passionn\u00e9 par le m\u00e9tier de la coiffure depuis son plus jeune \u00e2ge, Ghislain se voit faire bien plus que le simple fait de coiffer, car en v\u00e9ritable homme d&rsquo;affaires, il envisage de porter son concept au plus haut sommet.<\/span><br \/><span id=\"p14\">Avec des franchises haut de gamme, il souhaite se d\u00e9marquer de loin des simples salons afro que nous connaissons aujourd&rsquo;hui.<\/span><span id=\"p15\">\u00a0Le concept propose tout ce qui se fait dans la coiffure et ne fait aucune distinction.<\/span><span id=\"p16\">\u00a0Le tout sous la m\u00eame enseigne.<\/span><\/p>\t\t\t\t\t\t<\/div>\n\t\t\t\t<\/div>\n\t\t\t\t<div class=\"elementor-element elementor-element-c07f220 elementor-widget elementor-widget-image\" data-id=\"c07f220\" data-element_type=\"widget\" data-widget_type=\"image.default\">\n\t\t\t\t<div class=\"elementor-widget-container\">\n\t\t\t\t\t\t\t\t\t\t\t\t\t<img decoding=\"async\" width=\"359\" height=\"180\" src=\"\/wp-content\/uploads\/2023\/03\/icon_vision.png\" class=\"attachment-full size-full wp-image-728\" alt=\"\" srcset=\"\/wp-content\/uploads\/2023\/03\/icon_vision.png 359w, \/wp-content\/uploads\/2023\/03\/icon_vision-300x150.png 300w\" sizes=\"(max-width: 359px) 100vw, 359px\" \/>\t\t\t\t\t\t\t\t\t\t\t\t\t<\/div>\n\t\t\t\t<\/div>\n\t\t\t\t<div class=\"elementor-element elementor-element-acd58f8 elementor-widget elementor-widget-heading\" data-id=\"acd58f8\" data-element_type=\"widget\" data-widget_type=\"heading.default\">\n\t\t\t\t<div class=\"elementor-widget-container\">\n\t\t\t<h1 class=\"elementor-heading-title elementor-size-default\">VISION<\/h1>\t\t<\/div>\n\t\t\t\t<\/div>\n\t\t\t\t<div class=\"elementor-element elementor-element-8a9462e elementor-widget elementor-widget-text-editor\" data-id=\"8a9462e\" data-element_type=\"widget\" data-widget_type=\"text-editor.default\">\n\t\t\t\t<div class=\"elementor-widget-container\">\n\t\t\t\t\t\t\t<p>Un concept trois en un, avec la volont\u00e9 de casser toutes les barri\u00e8res, il propose mixit\u00e9 et diversit\u00e9.<\/p><p>Nous proposons la coiffure Mixte, Afro, Barbershop, et les Dreadlocks avec des \u00e9quipes de professionnels exp\u00e9riment\u00e9s.<\/p>\t\t\t\t\t\t<\/div>\n\t\t\t\t<\/div>\n\t\t\t\t\t<\/div>\n\t\t<\/div>\n\t\t\t\t<div class=\"elementor-column elementor-col-50 elementor-inner-column elementor-element elementor-element-9e0787a\" data-id=\"9e0787a\" data-element_type=\"column\">\n\t\t\t<div class=\"elementor-widget-wrap elementor-element-populated\">\n\t\t\t\t\t\t<div class=\"elementor-element elementor-element-a8dd63c elementor-widget elementor-widget-image\" data-id=\"a8dd63c\" data-element_type=\"widget\" data-widget_type=\"image.default\">\n\t\t\t\t<div class=\"elementor-widget-container\">\n\t\t\t\t\t\t\t\t\t\t\t\t\t<img loading=\"lazy\" decoding=\"async\" width=\"313\" height=\"338\" src=\"\/wp-content\/uploads\/2023\/03\/icon_histoire.png\" class=\"attachment-full size-full wp-image-729\" alt=\"\" srcset=\"\/wp-content\/uploads\/2023\/03\/icon_histoire.png 313w, \/wp-content\/uploads\/2023\/03\/icon_histoire-278x300.png 278w\" sizes=\"(max-width: 313px) 100vw, 313px\" \/>\t\t\t\t\t\t\t\t\t\t\t\t\t<\/div>\n\t\t\t\t<\/div>\n\t\t\t\t<div class=\"elementor-element elementor-element-0ad05d5 elementor-widget elementor-widget-heading\" data-id=\"0ad05d5\" data-element_type=\"widget\" data-widget_type=\"heading.default\">\n\t\t\t\t<div class=\"elementor-widget-container\">\n\t\t\t<h1 class=\"elementor-heading-title elementor-size-default\">HISTOIRE<\/h1>\t\t<\/div>\n\t\t\t\t<\/div>\n\t\t\t\t<div class=\"elementor-element elementor-element-f4e7f37 elementor-widget elementor-widget-text-editor\" data-id=\"f4e7f37\" data-element_type=\"widget\" data-widget_type=\"text-editor.default\">\n\t\t\t\t<div class=\"elementor-widget-container\">\n\t\t\t\t\t\t\t<p><span id=\"p25\">Natty Concept est n\u00e9e en 2014 avec une vision et un objectif bien pr\u00e9cis.<\/span><span id=\"p26\"> Le premier salon ouvre ses portes sous l&rsquo;enseigne de\u00a0<span id=\"32\" class=\"s-rg\">DreadLocks<\/span>\u00a0Natty Coiffure o\u00f9 nous commen\u00e7ons nos d\u00e9buts avec un peu de difficult\u00e9.<\/span><span id=\"p27\"> Tr\u00e8s\u00a0vite, le\u00a0salon commence \u00e0 se faire conna\u00eetre quelques ann\u00e9es plus tard par le bien des m\u00e9dias, avec le prix du meilleur entrepreneur\u00a0<span id=\"34\" class=\"s-rg\">Cr\u00e9adie<\/span>\u00a0remport\u00e9 en 2017 par Ghislain\u00a0<span id=\"35\" class=\"s-rg\">Momo<\/span>\u00a0fondateur du concept.<\/span><span id=\"p28\">\u00a0La qualit\u00e9 de notre travail et la diversit\u00e9 des\u00a0<span id=\"36\" class=\"s-rg\">prestatiuons<\/span>\u00a0propos\u00e9es ne passe pas inaper\u00e7ue aux yeux de nos\u00a0clients.<\/span><span id=\"p44\"> Sp\u00e9cialis\u00e9s dans les dreadlocks, nous avons conquis une client\u00e8le allant jusqu&rsquo;\u00e0 quitter des pays voisins comme la Belgique ou la Suisse pour venir se coiffer chez nous, vient par la suite les footballeurs pour des coupes de cheveux uniques. <\/span><span id=\"p30\">Le salon tout le temps plein \u00e0 craquer est victime de sons succ\u00e8s.<\/span><span id=\"p31\">\u00a0Et la commence pour nous une belle aventure avec une vision plus large.<\/span><\/p>\t\t\t\t\t\t<\/div>\n\t\t\t\t<\/div>\n\t\t\t\t\t<\/div>\n\t\t<\/div>\n\t\t\t\t\t<\/div>\n\t\t<\/section>\n\t\t\t\t\t<\/div>\n\t\t<\/div>\n\t\t\t\t\t<\/div>\n\t\t<\/section>\n\t\t\t\t<\/div>\n\t\t","protected":false},"excerpt":{"rendered":"<p>FONDATEUR Ghislain\u00a0Momo\u00a0est le pr\u00e9sident-fondateur de Natty Concept. Passionn\u00e9 par le m\u00e9tier de la coiffure depuis son plus jeune \u00e2ge, Ghislain se voit faire bien plus que le simple fait de coiffer, car en v\u00e9ritable homme d&rsquo;affaires, il envisage de porter son concept au plus haut sommet.Avec des franchises haut de gamme, il souhaite se d\u00e9marquer [&hellip;]<\/p>\n","protected":false},"author":1,"featured_media":0,"parent":0,"menu_order":0,"comment_status":"closed","ping_status":"closed","template":"","meta":{"_gspb_post_css":"","footnotes":""},"class_list":["post-22","page","type-page","status-publish","hentry"],"yoast_head":"<!-- This site is optimized with the Yoast SEO plugin v25.5 - https:\/\/yoast.com\/wordpress\/plugins\/seo\/ -->\n<title>\u00e0 propos - Natty Concept<\/title>\n<meta name=\"robots\" content=\"index, follow, max-snippet:-1, max-image-preview:large, max-video-preview:-1\" \/>\n<link rel=\"canonical\" href=\"\/?page_id=22\" \/>\n<meta property=\"og:locale\" content=\"fr_FR\" \/>\n<meta property=\"og:type\" content=\"article\" \/>\n<meta property=\"og:title\" content=\"\u00e0 propos - Natty Concept\" \/>\n<meta property=\"og:description\" content=\"FONDATEUR Ghislain\u00a0Momo\u00a0est le pr\u00e9sident-fondateur de Natty Concept. Passionn\u00e9 par le m\u00e9tier de la coiffure depuis son plus jeune \u00e2ge, Ghislain se voit faire bien plus que le simple fait de coiffer, car en v\u00e9ritable homme d&rsquo;affaires, il envisage de porter son concept au plus haut sommet.Avec des franchises haut de gamme, il souhaite se d\u00e9marquer [&hellip;]\" \/>\n<meta property=\"og:url\" content=\"\/?page_id=22\" \/>\n<meta property=\"og:site_name\" content=\"Natty Concept\" \/>\n<meta property=\"article:modified_time\" content=\"2024-05-21T10:31:37+00:00\" \/>\n<meta property=\"og:image\" content=\"https:\/\/natty-concept.com\/wp-content\/uploads\/2023\/03\/Ghislain-momo.png\" \/>\n<meta name=\"twitter:card\" content=\"summary_large_image\" \/>\n<meta name=\"twitter:label1\" content=\"Dur\u00e9e de lecture estim\u00e9e\" \/>\n\t<meta name=\"twitter:data1\" content=\"2 minutes\" \/>\n<script type=\"application\/ld+json\" class=\"yoast-schema-graph\">{\"@context\":\"https:\/\/schema.org\",\"@graph\":[{\"@type\":\"WebPage\",\"@id\":\"\/?page_id=22\",\"url\":\"\/?page_id=22\",\"name\":\"\u00e0 propos - Natty Concept\",\"isPartOf\":{\"@id\":\"\/#website\"},\"primaryImageOfPage\":{\"@id\":\"\/?page_id=22#primaryimage\"},\"image\":{\"@id\":\"\/?page_id=22#primaryimage\"},\"thumbnailUrl\":\"https:\/\/natty-concept.com\/wp-content\/uploads\/2023\/03\/Ghislain-momo.png\",\"datePublished\":\"2023-02-01T06:54:29+00:00\",\"dateModified\":\"2024-05-21T10:31:37+00:00\",\"breadcrumb\":{\"@id\":\"\/?page_id=22#breadcrumb\"},\"inLanguage\":\"fr-FR\",\"potentialAction\":[{\"@type\":\"ReadAction\",\"target\":[\"\/?page_id=22\"]}]},{\"@type\":\"ImageObject\",\"inLanguage\":\"fr-FR\",\"@id\":\"\/?page_id=22#primaryimage\",\"url\":\"https:\/\/natty-concept.com\/wp-content\/uploads\/2023\/03\/Ghislain-momo.png\",\"contentUrl\":\"https:\/\/natty-concept.com\/wp-content\/uploads\/2023\/03\/Ghislain-momo.png\"},{\"@type\":\"BreadcrumbList\",\"@id\":\"\/?page_id=22#breadcrumb\",\"itemListElement\":[{\"@type\":\"ListItem\",\"position\":1,\"name\":\"Accueil\",\"item\":\"\/\"},{\"@type\":\"ListItem\",\"position\":2,\"name\":\"\u00e0 propos\"}]},{\"@type\":\"WebSite\",\"@id\":\"\/#website\",\"url\":\"\/\",\"name\":\"Natty Concept\",\"description\":\"\",\"publisher\":{\"@id\":\"\/#organization\"},\"potentialAction\":[{\"@type\":\"SearchAction\",\"target\":{\"@type\":\"EntryPoint\",\"urlTemplate\":\"\/?s={search_term_string}\"},\"query-input\":{\"@type\":\"PropertyValueSpecification\",\"valueRequired\":true,\"valueName\":\"search_term_string\"}}],\"inLanguage\":\"fr-FR\"},{\"@type\":\"Organization\",\"@id\":\"\/#organization\",\"name\":\"Natty Concept\",\"url\":\"\/\",\"logo\":{\"@type\":\"ImageObject\",\"inLanguage\":\"fr-FR\",\"@id\":\"\/#\/schema\/logo\/image\/\",\"url\":\"\/wp-content\/uploads\/2023\/02\/Logo-icon-.png\",\"contentUrl\":\"\/wp-content\/uploads\/2023\/02\/Logo-icon-.png\",\"width\":537,\"height\":791,\"caption\":\"Natty Concept\"},\"image\":{\"@id\":\"\/#\/schema\/logo\/image\/\"},\"sameAs\":[\"https:\/\/www.instagram.com\/nattyconceptfrance\/\",\"https:\/\/www.youtube.com\/@dreadlocksnatty4466\"]}]}<\/script>\n<!-- \/ Yoast SEO plugin. -->","yoast_head_json":{"title":"\u00e0 propos - Natty Concept","robots":{"index":"index","follow":"follow","max-snippet":"max-snippet:-1","max-image-preview":"max-image-preview:large","max-video-preview":"max-video-preview:-1"},"canonical":"\/?page_id=22","og_locale":"fr_FR","og_type":"article","og_title":"\u00e0 propos - Natty Concept","og_description":"FONDATEUR Ghislain\u00a0Momo\u00a0est le pr\u00e9sident-fondateur de Natty Concept. Passionn\u00e9 par le m\u00e9tier de la coiffure depuis son plus jeune \u00e2ge, Ghislain se voit faire bien plus que le simple fait de coiffer, car en v\u00e9ritable homme d&rsquo;affaires, il envisage de porter son concept au plus haut sommet.Avec des franchises haut de gamme, il souhaite se d\u00e9marquer [&hellip;]","og_url":"\/?page_id=22","og_site_name":"Natty Concept","article_modified_time":"2024-05-21T10:31:37+00:00","og_image":[{"url":"https:\/\/natty-concept.com\/wp-content\/uploads\/2023\/03\/Ghislain-momo.png","type":"","width":"","height":""}],"twitter_card":"summary_large_image","twitter_misc":{"Dur\u00e9e de lecture estim\u00e9e":"2 minutes"},"schema":{"@context":"https:\/\/schema.org","@graph":[{"@type":"WebPage","@id":"\/?page_id=22","url":"\/?page_id=22","name":"\u00e0 propos - Natty Concept","isPartOf":{"@id":"\/#website"},"primaryImageOfPage":{"@id":"\/?page_id=22#primaryimage"},"image":{"@id":"\/?page_id=22#primaryimage"},"thumbnailUrl":"https:\/\/natty-concept.com\/wp-content\/uploads\/2023\/03\/Ghislain-momo.png","datePublished":"2023-02-01T06:54:29+00:00","dateModified":"2024-05-21T10:31:37+00:00","breadcrumb":{"@id":"\/?page_id=22#breadcrumb"},"inLanguage":"fr-FR","potentialAction":[{"@type":"ReadAction","target":["\/?page_id=22"]}]},{"@type":"ImageObject","inLanguage":"fr-FR","@id":"\/?page_id=22#primaryimage","url":"https:\/\/natty-concept.com\/wp-content\/uploads\/2023\/03\/Ghislain-momo.png","contentUrl":"https:\/\/natty-concept.com\/wp-content\/uploads\/2023\/03\/Ghislain-momo.png"},{"@type":"BreadcrumbList","@id":"\/?page_id=22#breadcrumb","itemListElement":[{"@type":"ListItem","position":1,"name":"Accueil","item":"\/"},{"@type":"ListItem","position":2,"name":"\u00e0 propos"}]},{"@type":"WebSite","@id":"\/#website","url":"\/","name":"Natty Concept","description":"","publisher":{"@id":"\/#organization"},"potentialAction":[{"@type":"SearchAction","target":{"@type":"EntryPoint","urlTemplate":"\/?s={search_term_string}"},"query-input":{"@type":"PropertyValueSpecification","valueRequired":true,"valueName":"search_term_string"}}],"inLanguage":"fr-FR"},{"@type":"Organization","@id":"\/#organization","name":"Natty Concept","url":"\/","logo":{"@type":"ImageObject","inLanguage":"fr-FR","@id":"\/#\/schema\/logo\/image\/","url":"\/wp-content\/uploads\/2023\/02\/Logo-icon-.png","contentUrl":"\/wp-content\/uploads\/2023\/02\/Logo-icon-.png","width":537,"height":791,"caption":"Natty Concept"},"image":{"@id":"\/#\/schema\/logo\/image\/"},"sameAs":["https:\/\/www.instagram.com\/nattyconceptfrance\/","https:\/\/www.youtube.com\/@dreadlocksnatty4466"]}]}},"_links":{"self":[{"href":"\/index.php?rest_route=\/wp\/v2\/pages\/22","targetHints":{"allow":["GET"]}}],"collection":[{"href":"\/index.php?rest_route=\/wp\/v2\/pages"}],"about":[{"href":"\/index.php?rest_route=\/wp\/v2\/types\/page"}],"author":[{"embeddable":true,"href":"\/index.php?rest_route=\/wp\/v2\/users\/1"}],"replies":[{"embeddable":true,"href":"\/index.php?rest_route=%2Fwp%2Fv2%2Fcomments&post=22"}],"version-history":[{"count":59,"href":"\/index.php?rest_route=\/wp\/v2\/pages\/22\/revisions"}],"predecessor-version":[{"id":2861,"href":"\/index.php?rest_route=\/wp\/v2\/pages\/22\/revisions\/2861"}],"wp:attachment":[{"href":"\/index.php?rest_route=%2Fwp%2Fv2%2Fmedia&parent=22"}],"curies":[{"name":"wp","href":"https:\/\/api.w.org\/{rel}","templated":true}]}}